{"id":38406,"date":"2024-04-08T15:39:08","date_gmt":"2024-04-08T13:39:08","guid":{"rendered":"https:\/\/biovet-alquermes.com\/producto\/alquerfeed-livtox\/"},"modified":"2024-04-18T17:06:58","modified_gmt":"2024-04-18T15:06:58","slug":"alquerfeed-livtox","status":"publish","type":"product","link":"https:\/\/biovet-alquermes.com\/en\/producto\/alquerfeed-livtox\/","title":{"rendered":"Alquerfeed Livtox"},"content":{"rendered":"<p><strong><em>Liver conditioner and mycotoxin binder<\/em><\/strong><\/p>\n<p>Oral solution<\/p>\n<h3><strong>INDICATIONS<\/strong><\/h3>\n<p>ALQUERFEED LIVTOX is a mycotoxin binder based on Silicoglycidol (patented molecule) and liver conditioner pronutrients. Silicoglycidol is an optimized molecule able to bind to a wide range of mycotoxins, in any of the pH conditions of the digestive tract. Liver conditioner pronutrients decrease the hepatotoxic effects of certain mycotoxins and contribute to liver regeneration.  <\/p>\n<h3><strong>DOSAGE<\/strong><\/h3>\n<p>ALQUERFEED LIVTOX is administered mixed with feed at a dose of 0.5-1 kg per ton.<\/p>\n<p><em>*Contact us for dosage in aquaculture.<\/em><\/p>\n<p>&nbsp;<\/p>\n<p><em>Algunas afirmaciones pueden ser no aplicables a todas las zonas geogr\u00e1ficas y los enunciados de las descripciones de los productos pueden diferir seg\u00fan requisitos gubernamentales de cada pa\u00eds.<\/em><\/p>\n<p><em>La disponibilidad de los productos puede variar por pa\u00edses. Para informaci\u00f3n espec\u00edfica, <a href=\"https:\/\/biovet-alquermes.com\/contacto-es\/\">contacte con nosotros.<\/a> <\/em><\/p>\n","protected":false},"excerpt":{"rendered":"<p>Liver conditioner and mycotoxin binder<\/p>\n","protected":false},"featured_media":49109,"comment_status":"closed","ping_status":"closed","template":"","meta":{"_acf_changed":false},"product_brand":[],"product_cat":[2041,2042,2040,2039],"product_tag":[],"class_list":{"0":"post-38406","1":"product","2":"type-product","3":"status-publish","4":"has-post-thumbnail","6":"product_cat-aquaculture","7":"product_cat-mycotoxin-binders","8":"product_cat-pigs","9":"product_cat-poultry","11":"first","12":"instock","13":"product-type-simple"},"acf":[],"yoast_head":"<!-- This site is optimized with the Yoast SEO plugin v27.2 - https:\/\/yoast.com\/product\/yoast-seo-wordpress\/ -->\n<title>Alquerfeed Livtox - Biovet<\/title>\n<meta name=\"robots\" content=\"index, follow, max-snippet:-1, max-image-preview:large, max-video-preview:-1\" \/>\n<link rel=\"canonical\" href=\"https:\/\/biovet-alquermes.com\/en\/producto\/alquerfeed-livtox\/\" \/>\n<meta property=\"og:locale\" content=\"en_US\" \/>\n<meta property=\"og:type\" content=\"article\" \/>\n<meta property=\"og:title\" content=\"Alquerfeed Livtox - Biovet\" \/>\n<meta property=\"og:description\" content=\"Liver conditioner and mycotoxin binder\" \/>\n<meta property=\"og:url\" content=\"https:\/\/biovet-alquermes.com\/en\/producto\/alquerfeed-livtox\/\" \/>\n<meta property=\"og:site_name\" content=\"Biovet\" \/>\n<meta property=\"article:modified_time\" content=\"2024-04-18T15:06:58+00:00\" \/>\n<meta property=\"og:image\" content=\"https:\/\/biovet-alquermes.com\/wp-content\/uploads\/2024\/04\/alquerfeed-livtox-grande.png\" \/>\n\t<meta property=\"og:image:width\" content=\"800\" \/>\n\t<meta property=\"og:image:height\" content=\"800\" \/>\n\t<meta property=\"og:image:type\" content=\"image\/png\" \/>\n<meta name=\"twitter:card\" content=\"summary_large_image\" \/>\n<meta name=\"twitter:label1\" content=\"Est. reading time\" \/>\n\t<meta name=\"twitter:data1\" content=\"1 minute\" \/>\n<script type=\"application\/ld+json\" class=\"yoast-schema-graph\">{\"@context\":\"https:\/\/schema.org\",\"@graph\":[{\"@type\":\"WebPage\",\"@id\":\"https:\/\/biovet-alquermes.com\/en\/producto\/alquerfeed-livtox\/\",\"url\":\"https:\/\/biovet-alquermes.com\/en\/producto\/alquerfeed-livtox\/\",\"name\":\"Alquerfeed Livtox - Biovet\",\"isPartOf\":{\"@id\":\"https:\/\/biovet-alquermes.com\/en\/#website\"},\"primaryImageOfPage\":{\"@id\":\"https:\/\/biovet-alquermes.com\/en\/producto\/alquerfeed-livtox\/#primaryimage\"},\"image\":{\"@id\":\"https:\/\/biovet-alquermes.com\/en\/producto\/alquerfeed-livtox\/#primaryimage\"},\"thumbnailUrl\":\"https:\/\/biovet-alquermes.com\/wp-content\/uploads\/2024\/04\/alquerfeed-livtox-grande.png\",\"datePublished\":\"2024-04-08T13:39:08+00:00\",\"dateModified\":\"2024-04-18T15:06:58+00:00\",\"breadcrumb\":{\"@id\":\"https:\/\/biovet-alquermes.com\/en\/producto\/alquerfeed-livtox\/#breadcrumb\"},\"inLanguage\":\"en-US\",\"potentialAction\":[{\"@type\":\"ReadAction\",\"target\":[\"https:\/\/biovet-alquermes.com\/en\/producto\/alquerfeed-livtox\/\"]}]},{\"@type\":\"ImageObject\",\"inLanguage\":\"en-US\",\"@id\":\"https:\/\/biovet-alquermes.com\/en\/producto\/alquerfeed-livtox\/#primaryimage\",\"url\":\"https:\/\/biovet-alquermes.com\/wp-content\/uploads\/2024\/04\/alquerfeed-livtox-grande.png\",\"contentUrl\":\"https:\/\/biovet-alquermes.com\/wp-content\/uploads\/2024\/04\/alquerfeed-livtox-grande.png\",\"width\":800,\"height\":800},{\"@type\":\"BreadcrumbList\",\"@id\":\"https:\/\/biovet-alquermes.com\/en\/producto\/alquerfeed-livtox\/#breadcrumb\",\"itemListElement\":[{\"@type\":\"ListItem\",\"position\":1,\"name\":\"Portada\",\"item\":\"https:\/\/biovet-alquermes.com\/en\/home\/\"},{\"@type\":\"ListItem\",\"position\":2,\"name\":\"Products\",\"item\":\"https:\/\/biovet-alquermes.com\/en\/products\/\"},{\"@type\":\"ListItem\",\"position\":3,\"name\":\"Alquerfeed Livtox\"}]},{\"@type\":\"WebSite\",\"@id\":\"https:\/\/biovet-alquermes.com\/en\/#website\",\"url\":\"https:\/\/biovet-alquermes.com\/en\/\",\"name\":\"Biovet\",\"description\":\"Aditivos Naturales para alimentaci\u00f3n animal\",\"potentialAction\":[{\"@type\":\"SearchAction\",\"target\":{\"@type\":\"EntryPoint\",\"urlTemplate\":\"https:\/\/biovet-alquermes.com\/en\/?s={search_term_string}\"},\"query-input\":{\"@type\":\"PropertyValueSpecification\",\"valueRequired\":true,\"valueName\":\"search_term_string\"}}],\"inLanguage\":\"en-US\"}]}<\/script>\n<!-- \/ Yoast SEO plugin. -->","yoast_head_json":{"title":"Alquerfeed Livtox - Biovet","robots":{"index":"index","follow":"follow","max-snippet":"max-snippet:-1","max-image-preview":"max-image-preview:large","max-video-preview":"max-video-preview:-1"},"canonical":"https:\/\/biovet-alquermes.com\/en\/producto\/alquerfeed-livtox\/","og_locale":"en_US","og_type":"article","og_title":"Alquerfeed Livtox - Biovet","og_description":"Liver conditioner and mycotoxin binder","og_url":"https:\/\/biovet-alquermes.com\/en\/producto\/alquerfeed-livtox\/","og_site_name":"Biovet","article_modified_time":"2024-04-18T15:06:58+00:00","og_image":[{"width":800,"height":800,"url":"https:\/\/biovet-alquermes.com\/wp-content\/uploads\/2024\/04\/alquerfeed-livtox-grande.png","type":"image\/png"}],"twitter_card":"summary_large_image","twitter_misc":{"Est. reading time":"1 minute"},"schema":{"@context":"https:\/\/schema.org","@graph":[{"@type":"WebPage","@id":"https:\/\/biovet-alquermes.com\/en\/producto\/alquerfeed-livtox\/","url":"https:\/\/biovet-alquermes.com\/en\/producto\/alquerfeed-livtox\/","name":"Alquerfeed Livtox - Biovet","isPartOf":{"@id":"https:\/\/biovet-alquermes.com\/en\/#website"},"primaryImageOfPage":{"@id":"https:\/\/biovet-alquermes.com\/en\/producto\/alquerfeed-livtox\/#primaryimage"},"image":{"@id":"https:\/\/biovet-alquermes.com\/en\/producto\/alquerfeed-livtox\/#primaryimage"},"thumbnailUrl":"https:\/\/biovet-alquermes.com\/wp-content\/uploads\/2024\/04\/alquerfeed-livtox-grande.png","datePublished":"2024-04-08T13:39:08+00:00","dateModified":"2024-04-18T15:06:58+00:00","breadcrumb":{"@id":"https:\/\/biovet-alquermes.com\/en\/producto\/alquerfeed-livtox\/#breadcrumb"},"inLanguage":"en-US","potentialAction":[{"@type":"ReadAction","target":["https:\/\/biovet-alquermes.com\/en\/producto\/alquerfeed-livtox\/"]}]},{"@type":"ImageObject","inLanguage":"en-US","@id":"https:\/\/biovet-alquermes.com\/en\/producto\/alquerfeed-livtox\/#primaryimage","url":"https:\/\/biovet-alquermes.com\/wp-content\/uploads\/2024\/04\/alquerfeed-livtox-grande.png","contentUrl":"https:\/\/biovet-alquermes.com\/wp-content\/uploads\/2024\/04\/alquerfeed-livtox-grande.png","width":800,"height":800},{"@type":"BreadcrumbList","@id":"https:\/\/biovet-alquermes.com\/en\/producto\/alquerfeed-livtox\/#breadcrumb","itemListElement":[{"@type":"ListItem","position":1,"name":"Portada","item":"https:\/\/biovet-alquermes.com\/en\/home\/"},{"@type":"ListItem","position":2,"name":"Products","item":"https:\/\/biovet-alquermes.com\/en\/products\/"},{"@type":"ListItem","position":3,"name":"Alquerfeed Livtox"}]},{"@type":"WebSite","@id":"https:\/\/biovet-alquermes.com\/en\/#website","url":"https:\/\/biovet-alquermes.com\/en\/","name":"Biovet","description":"Aditivos Naturales para alimentaci\u00f3n animal","potentialAction":[{"@type":"SearchAction","target":{"@type":"EntryPoint","urlTemplate":"https:\/\/biovet-alquermes.com\/en\/?s={search_term_string}"},"query-input":{"@type":"PropertyValueSpecification","valueRequired":true,"valueName":"search_term_string"}}],"inLanguage":"en-US"}]}},"_links":{"self":[{"href":"https:\/\/biovet-alquermes.com\/en\/wp-json\/wp\/v2\/product\/38406","targetHints":{"allow":["GET"]}}],"collection":[{"href":"https:\/\/biovet-alquermes.com\/en\/wp-json\/wp\/v2\/product"}],"about":[{"href":"https:\/\/biovet-alquermes.com\/en\/wp-json\/wp\/v2\/types\/product"}],"replies":[{"embeddable":true,"href":"https:\/\/biovet-alquermes.com\/en\/wp-json\/wp\/v2\/comments?post=38406"}],"wp:featuredmedia":[{"embeddable":true,"href":"https:\/\/biovet-alquermes.com\/en\/wp-json\/wp\/v2\/media\/49109"}],"wp:attachment":[{"href":"https:\/\/biovet-alquermes.com\/en\/wp-json\/wp\/v2\/media?parent=38406"}],"wp:term":[{"taxonomy":"product_brand","embeddable":true,"href":"https:\/\/biovet-alquermes.com\/en\/wp-json\/wp\/v2\/product_brand?post=38406"},{"taxonomy":"product_cat","embeddable":true,"href":"https:\/\/biovet-alquermes.com\/en\/wp-json\/wp\/v2\/product_cat?post=38406"},{"taxonomy":"product_tag","embeddable":true,"href":"https:\/\/biovet-alquermes.com\/en\/wp-json\/wp\/v2\/product_tag?post=38406"}],"curies":[{"name":"wp","href":"https:\/\/api.w.org\/{rel}","templated":true}]}}